{"id":25,"date":"2026-03-27T09:19:06","date_gmt":"2026-03-27T08:19:06","guid":{"rendered":"https:\/\/mossdecoration.com\/?page_id=25"},"modified":"2026-04-17T07:41:40","modified_gmt":"2026-04-17T05:41:40","slug":"kapcsolat","status":"publish","type":"page","link":"https:\/\/mossdecoration.com\/en\/kapcsolat\/","title":{"rendered":"Contact"},"content":{"rendered":"\t\t<div data-elementor-type=\"wp-page\" data-elementor-id=\"25\" class=\"elementor elementor-25\" data-elementor-post-type=\"page\">\n\t\t\t\t<div class=\"elementor-element elementor-element-7d94f36 e-flex e-con-boxed e-con e-parent\" data-id=\"7d94f36\" data-element_type=\"container\" data-e-type=\"container\" data-settings=\"{&quot;background_background&quot;:&quot;classic&quot;}\">\n\t\t\t\t\t<div class=\"e-con-inner\">\n\t\t<div class=\"elementor-element elementor-element-f5ad8ec e-con-full e-flex e-con e-child\" data-id=\"f5ad8ec\" data-element_type=\"container\" data-e-type=\"container\" data-settings=\"{&quot;background_background&quot;:&quot;classic&quot;}\">\n\t\t\t\t<div class=\"elementor-element elementor-element-1c11643 elementor-widget elementor-widget-heading\" data-id=\"1c11643\" data-element_type=\"widget\" data-e-type=\"widget\" data-widget_type=\"heading.default\">\n\t\t\t\t\t<h2 class=\"elementor-heading-title elementor-size-default\">Aj\u00e1nlatk\u00e9r\u00e9s <\/h2>\t\t\t\t<\/div>\n\t\t\t\t<div class=\"elementor-element elementor-element-b1170c3 elementor-widget__width-initial elementor-widget elementor-widget-text-editor\" data-id=\"b1170c3\" data-element_type=\"widget\" data-e-type=\"widget\" data-widget_type=\"text-editor.default\">\n\t\t\t\t\t\t\t\t\t<p>K\u00e9rd\u00e9sed van, vagy egyedi megrendel\u00e9ssel kapcsolatban \u00e9rdekl\u0151dsz? Egyedi \u00e1raj\u00e1nlat\u00e9rt keress bizalommal! Megkeres\u00e9sedre hamarosan v\u00e1laszolok.<\/p>\t\t\t\t\t\t\t\t<\/div>\n\t\t\t\t<div class=\"elementor-element elementor-element-3cdd611 elementor-widget__width-initial elementor-button-align-stretch elementor-widget elementor-widget-form\" data-id=\"3cdd611\" data-element_type=\"widget\" data-e-type=\"widget\" data-settings=\"{&quot;step_next_label&quot;:&quot;Next&quot;,&quot;step_previous_label&quot;:&quot;Previous&quot;,&quot;button_width&quot;:&quot;100&quot;,&quot;step_type&quot;:&quot;number_text&quot;,&quot;step_icon_shape&quot;:&quot;circle&quot;}\" data-widget_type=\"form.default\">\n\t\t\t\t\t\t\t<form class=\"elementor-form\" method=\"post\" name=\"New Form\" aria-label=\"New Form\">\n\t\t\t<input type=\"hidden\" name=\"post_id\" value=\"25\"\/>\n\t\t\t<input type=\"hidden\" name=\"form_id\" value=\"3cdd611\"\/>\n\t\t\t<input type=\"hidden\" name=\"referer_title\" value=\"Moss Decoration\" \/>\n\n\t\t\t\n\t\t\t<div class=\"elementor-form-fields-wrapper elementor-labels-above\">\n\t\t\t\t\t\t\t\t<div class=\"elementor-field-type-text elementor-field-group elementor-column elementor-field-group-name elementor-col-100\">\n\t\t\t\t\t\t\t\t\t\t\t\t\t<input size=\"1\" type=\"text\" name=\"form_fields[name]\" id=\"form-field-name\" class=\"elementor-field elementor-size-sm  elementor-field-textual\" placeholder=\"N\u00e9v\">\n\t\t\t\t\t\t\t\t\t\t\t<\/div>\n\t\t\t\t\t\t\t\t<div class=\"elementor-field-type-email elementor-field-group elementor-column elementor-field-group-email elementor-col-100 elementor-field-required\">\n\t\t\t\t\t\t\t\t\t\t\t\t\t<input size=\"1\" type=\"email\" name=\"form_fields[email]\" id=\"form-field-email\" class=\"elementor-field elementor-size-sm  elementor-field-textual\" placeholder=\"Email\" required=\"required\">\n\t\t\t\t\t\t\t\t\t\t\t<\/div>\n\t\t\t\t\t\t\t\t<div class=\"elementor-field-type-select elementor-field-group elementor-column elementor-field-group-field_903b1c9 elementor-col-100 elementor-field-required\">\n\t\t\t\t\t\t\t\t\t\t\t\t<label for=\"form-field-field_903b1c9\" class=\"elementor-field-label\">\n\t\t\t\t\t\t\t\tMivel kapcsolatban \u00e9rdekl\u0151dsz? \t\t\t\t\t\t\t<\/label>\n\t\t\t\t\t\t\t\t<div class=\"elementor-field elementor-select-wrapper remove-before \">\n\t\t\t<div class=\"select-caret-down-wrapper\">\n\t\t\t\t<svg aria-hidden=\"true\" class=\"e-font-icon-svg e-eicon-caret-down\" viewBox=\"0 0 571.4 571.4\" xmlns=\"http:\/\/www.w3.org\/2000\/svg\"><path d=\"M571 393Q571 407 561 418L311 668Q300 679 286 679T261 668L11 418Q0 407 0 393T11 368 36 357H536Q550 357 561 368T571 393Z\"><\/path><\/svg>\t\t\t<\/div>\n\t\t\t<select name=\"form_fields[field_903b1c9]\" id=\"form-field-field_903b1c9\" class=\"elementor-field-textual elementor-size-sm\" required=\"required\">\n\t\t\t\t\t\t\t\t\t<option value=\"Kisebb dekor\u00e1ci\u00f3k, aj\u00e1nd\u00e9kok\">Kisebb dekor\u00e1ci\u00f3k, aj\u00e1nd\u00e9kok<\/option>\n\t\t\t\t\t\t\t\t\t<option value=\"Irodai dekor\u00e1ci\u00f3k\">Irodai dekor\u00e1ci\u00f3k<\/option>\n\t\t\t\t\t\t\t\t\t<option value=\"Otthoni dekor\u00e1ci\u00f3k\">Otthoni dekor\u00e1ci\u00f3k<\/option>\n\t\t\t\t\t\t\t\t\t<option value=\"Egy\u00e9b k\u00e9rd\u00e9sem van\">Egy\u00e9b k\u00e9rd\u00e9sem van<\/option>\n\t\t\t\t\t\t\t<\/select>\n\t\t<\/div>\n\t\t\t\t\t\t<\/div>\n\t\t\t\t\t\t\t\t<div class=\"elementor-field-type-textarea elementor-field-group elementor-column elementor-field-group-message elementor-col-100 elementor-field-required\">\n\t\t\t\t\t<textarea class=\"elementor-field-textual elementor-field  elementor-size-sm\" name=\"form_fields[message]\" id=\"form-field-message\" rows=\"4\" placeholder=\"\u00dczenet\" required=\"required\"><\/textarea>\t\t\t\t<\/div>\n\t\t\t\t\t\t\t\t<div class=\"elementor-field-type-acceptance elementor-field-group elementor-column elementor-field-group-field_269c6ce elementor-col-100 elementor-field-required\">\n\t\t\t\t\t\t\t<div class=\"elementor-field-subgroup\">\n\t\t\t<span class=\"elementor-field-option\">\n\t\t\t\t<input type=\"checkbox\" name=\"form_fields[field_269c6ce]\" id=\"form-field-field_269c6ce\" class=\"elementor-field elementor-size-sm  elementor-acceptance-field\" required=\"required\">\n\t\t\t\t<label for=\"form-field-field_269c6ce\">Elolvastam \u00e9s elfogadom az <a href='\/adatkezelesi-tajekoztato' style='font-size: 15px; color: initial; text-decoration: none;' onmouseover=\"this.style.color='#A9B89E'\" onmouseout=\"this.style.color='initial'\">Adatkezel\u00e9si t\u00e1j\u00e9koztat\u00f3t.<\/a> <\/label>\t\t\t<\/span>\n\t\t<\/div>\n\t\t\t\t\t\t<\/div>\n\t\t\t\t\t\t\t\t<div class=\"elementor-field-group elementor-column elementor-field-type-submit elementor-col-100 e-form__buttons\">\n\t\t\t\t\t<button class=\"elementor-button elementor-size-sm elementor-animation-pulse-grow\" type=\"submit\">\n\t\t\t\t\t\t<span class=\"elementor-button-content-wrapper\">\n\t\t\t\t\t\t\t\t\t\t\t\t\t\t\t\t\t\t\t\t\t\t<span class=\"elementor-button-text\">K\u00fcld\u00e9s<\/span>\n\t\t\t\t\t\t\t\t\t\t\t\t\t<\/span>\n\t\t\t\t\t<\/button>\n\t\t\t\t<\/div>\n\t\t\t<\/div>\n\t\t<\/form>\n\t\t\t\t\t\t<\/div>\n\t\t\t\t<\/div>\n\t\t\t\t\t<\/div>\n\t\t\t\t<\/div>\n\t\t\t\t<\/div>\n\t\t","protected":false},"excerpt":{"rendered":"<p>Aj\u00e1nlatk\u00e9r\u00e9s K\u00e9rd\u00e9sed van, vagy egyedi megrendel\u00e9ssel kapcsolatban \u00e9rdekl\u0151dsz? Egyedi \u00e1raj\u00e1nlat\u00e9rt keress bizalommal! Megkeres\u00e9sedre hamarosan v\u00e1laszolok.<\/p>","protected":false},"author":1,"featured_media":0,"parent":0,"menu_order":0,"comment_status":"closed","ping_status":"closed","template":"elementor_header_footer","meta":{"footnotes":""},"class_list":["post-25","page","type-page","status-publish","hentry"],"yoast_head":"<!-- This site is optimized with the Yoast SEO plugin v27.4 - https:\/\/yoast.com\/product\/yoast-seo-wordpress\/ -->\n<title>Egyedi zuzm\u00f3 dekor\u00e1ci\u00f3k - rendel\u00e9s<\/title>\n<meta name=\"description\" content=\"K\u00e9rd\u00e9sed van, vagy egyedi megrendel\u00e9ssel kapcsolatban \u00e9rdekl\u0151dsz? Egyedi \u00e1raj\u00e1nlat\u00e9rt keress bizalommal! Megkeres\u00e9sedre hamarosan v\u00e1laszolok.\" \/>\n<meta name=\"robots\" content=\"index, follow, max-snippet:-1, max-image-preview:large, max-video-preview:-1\" \/>\n<link rel=\"canonical\" href=\"https:\/\/mossdecoration.com\/en\/kapcsolat\/\" \/>\n<meta property=\"og:locale\" content=\"en_GB\" \/>\n<meta property=\"og:type\" content=\"article\" \/>\n<meta property=\"og:title\" content=\"Egyedi zuzm\u00f3 dekor\u00e1ci\u00f3k - rendel\u00e9s\" \/>\n<meta property=\"og:description\" content=\"K\u00e9rd\u00e9sed van, vagy egyedi megrendel\u00e9ssel kapcsolatban \u00e9rdekl\u0151dsz? Egyedi \u00e1raj\u00e1nlat\u00e9rt keress bizalommal! Megkeres\u00e9sedre hamarosan v\u00e1laszolok.\" \/>\n<meta property=\"og:url\" content=\"https:\/\/mossdecoration.com\/en\/kapcsolat\/\" \/>\n<meta property=\"og:site_name\" content=\"Moss Decoration\" \/>\n<meta property=\"article:modified_time\" content=\"2026-04-17T05:41:40+00:00\" \/>\n<meta name=\"twitter:card\" content=\"summary_large_image\" \/>\n<meta name=\"twitter:label1\" content=\"Estimated reading time\" \/>\n\t<meta name=\"twitter:data1\" content=\"1 minute\" \/>\n<script type=\"application\/ld+json\" class=\"yoast-schema-graph\">{\"@context\":\"https:\\\/\\\/schema.org\",\"@graph\":[{\"@type\":\"WebPage\",\"@id\":\"https:\\\/\\\/mossdecoration.com\\\/kapcsolat\\\/\",\"url\":\"https:\\\/\\\/mossdecoration.com\\\/kapcsolat\\\/\",\"name\":\"Egyedi zuzm\u00f3 dekor\u00e1ci\u00f3k - rendel\u00e9s\",\"isPartOf\":{\"@id\":\"https:\\\/\\\/mossdecoration.com\\\/#website\"},\"datePublished\":\"2026-03-27T08:19:06+00:00\",\"dateModified\":\"2026-04-17T05:41:40+00:00\",\"description\":\"K\u00e9rd\u00e9sed van, vagy egyedi megrendel\u00e9ssel kapcsolatban \u00e9rdekl\u0151dsz? Egyedi \u00e1raj\u00e1nlat\u00e9rt keress bizalommal! Megkeres\u00e9sedre hamarosan v\u00e1laszolok.\",\"breadcrumb\":{\"@id\":\"https:\\\/\\\/mossdecoration.com\\\/kapcsolat\\\/#breadcrumb\"},\"inLanguage\":\"en-GB\",\"potentialAction\":[{\"@type\":\"ReadAction\",\"target\":[\"https:\\\/\\\/mossdecoration.com\\\/kapcsolat\\\/\"]}]},{\"@type\":\"BreadcrumbList\",\"@id\":\"https:\\\/\\\/mossdecoration.com\\\/kapcsolat\\\/#breadcrumb\",\"itemListElement\":[{\"@type\":\"ListItem\",\"position\":1,\"name\":\"Kezd\u0151lap\",\"item\":\"https:\\\/\\\/mossdecoration.com\\\/\"},{\"@type\":\"ListItem\",\"position\":2,\"name\":\"Kapcsolat\"}]},{\"@type\":\"WebSite\",\"@id\":\"https:\\\/\\\/mossdecoration.com\\\/#website\",\"url\":\"https:\\\/\\\/mossdecoration.com\\\/\",\"name\":\"Moss Decoration\",\"description\":\"K\u00e9zzel k\u00e9sz\u00fclt, tart\u00f3s\u00edtott zuzm\u00f3-\u00e9s moha dekor\u00e1ci\u00f3k.\",\"publisher\":{\"@id\":\"https:\\\/\\\/mossdecoration.com\\\/#organization\"},\"potentialAction\":[{\"@type\":\"SearchAction\",\"target\":{\"@type\":\"EntryPoint\",\"urlTemplate\":\"https:\\\/\\\/mossdecoration.com\\\/?s={search_term_string}\"},\"query-input\":{\"@type\":\"PropertyValueSpecification\",\"valueRequired\":true,\"valueName\":\"search_term_string\"}}],\"inLanguage\":\"en-GB\"},{\"@type\":\"Organization\",\"@id\":\"https:\\\/\\\/mossdecoration.com\\\/#organization\",\"name\":\"Moss Decoration\",\"url\":\"https:\\\/\\\/mossdecoration.com\\\/\",\"logo\":{\"@type\":\"ImageObject\",\"inLanguage\":\"en-GB\",\"@id\":\"https:\\\/\\\/mossdecoration.com\\\/#\\\/schema\\\/logo\\\/image\\\/\",\"url\":\"https:\\\/\\\/mossdecoration.com\\\/wp-content\\\/uploads\\\/2026\\\/03\\\/logo.png\",\"contentUrl\":\"https:\\\/\\\/mossdecoration.com\\\/wp-content\\\/uploads\\\/2026\\\/03\\\/logo.png\",\"width\":500,\"height\":500,\"caption\":\"Moss Decoration\"},\"image\":{\"@id\":\"https:\\\/\\\/mossdecoration.com\\\/#\\\/schema\\\/logo\\\/image\\\/\"}}]}<\/script>\n<!-- \/ Yoast SEO plugin. -->","yoast_head_json":{"title":"Egyedi zuzm\u00f3 dekor\u00e1ci\u00f3k - rendel\u00e9s","description":"Do you have a question or are you interested in a custom order? For a custom quote, please contact us! I will reply to your inquiry soon.","robots":{"index":"index","follow":"follow","max-snippet":"max-snippet:-1","max-image-preview":"max-image-preview:large","max-video-preview":"max-video-preview:-1"},"canonical":"https:\/\/mossdecoration.com\/en\/kapcsolat\/","og_locale":"en_GB","og_type":"article","og_title":"Egyedi zuzm\u00f3 dekor\u00e1ci\u00f3k - rendel\u00e9s","og_description":"K\u00e9rd\u00e9sed van, vagy egyedi megrendel\u00e9ssel kapcsolatban \u00e9rdekl\u0151dsz? Egyedi \u00e1raj\u00e1nlat\u00e9rt keress bizalommal! Megkeres\u00e9sedre hamarosan v\u00e1laszolok.","og_url":"https:\/\/mossdecoration.com\/en\/kapcsolat\/","og_site_name":"Moss Decoration","article_modified_time":"2026-04-17T05:41:40+00:00","twitter_card":"summary_large_image","twitter_misc":{"Estimated reading time":"1 minute"},"schema":{"@context":"https:\/\/schema.org","@graph":[{"@type":"WebPage","@id":"https:\/\/mossdecoration.com\/kapcsolat\/","url":"https:\/\/mossdecoration.com\/kapcsolat\/","name":"Egyedi zuzm\u00f3 dekor\u00e1ci\u00f3k - rendel\u00e9s","isPartOf":{"@id":"https:\/\/mossdecoration.com\/#website"},"datePublished":"2026-03-27T08:19:06+00:00","dateModified":"2026-04-17T05:41:40+00:00","description":"Do you have a question or are you interested in a custom order? For a custom quote, please contact us! I will reply to your inquiry soon.","breadcrumb":{"@id":"https:\/\/mossdecoration.com\/kapcsolat\/#breadcrumb"},"inLanguage":"en-GB","potentialAction":[{"@type":"ReadAction","target":["https:\/\/mossdecoration.com\/kapcsolat\/"]}]},{"@type":"BreadcrumbList","@id":"https:\/\/mossdecoration.com\/kapcsolat\/#breadcrumb","itemListElement":[{"@type":"ListItem","position":1,"name":"Kezd\u0151lap","item":"https:\/\/mossdecoration.com\/"},{"@type":"ListItem","position":2,"name":"Kapcsolat"}]},{"@type":"WebSite","@id":"https:\/\/mossdecoration.com\/#website","url":"https:\/\/mossdecoration.com\/","name":"Moss Decoration","description":"K\u00e9zzel k\u00e9sz\u00fclt, tart\u00f3s\u00edtott zuzm\u00f3-\u00e9s moha dekor\u00e1ci\u00f3k.","publisher":{"@id":"https:\/\/mossdecoration.com\/#organization"},"potentialAction":[{"@type":"SearchAction","target":{"@type":"EntryPoint","urlTemplate":"https:\/\/mossdecoration.com\/?s={search_term_string}"},"query-input":{"@type":"PropertyValueSpecification","valueRequired":true,"valueName":"search_term_string"}}],"inLanguage":"en-GB"},{"@type":"Organization","@id":"https:\/\/mossdecoration.com\/#organization","name":"Moss Decoration","url":"https:\/\/mossdecoration.com\/","logo":{"@type":"ImageObject","inLanguage":"en-GB","@id":"https:\/\/mossdecoration.com\/#\/schema\/logo\/image\/","url":"https:\/\/mossdecoration.com\/wp-content\/uploads\/2026\/03\/logo.png","contentUrl":"https:\/\/mossdecoration.com\/wp-content\/uploads\/2026\/03\/logo.png","width":500,"height":500,"caption":"Moss Decoration"},"image":{"@id":"https:\/\/mossdecoration.com\/#\/schema\/logo\/image\/"}}]}},"_links":{"self":[{"href":"https:\/\/mossdecoration.com\/en\/wp-json\/wp\/v2\/pages\/25","targetHints":{"allow":["GET"]}}],"collection":[{"href":"https:\/\/mossdecoration.com\/en\/wp-json\/wp\/v2\/pages"}],"about":[{"href":"https:\/\/mossdecoration.com\/en\/wp-json\/wp\/v2\/types\/page"}],"author":[{"embeddable":true,"href":"https:\/\/mossdecoration.com\/en\/wp-json\/wp\/v2\/users\/1"}],"replies":[{"embeddable":true,"href":"https:\/\/mossdecoration.com\/en\/wp-json\/wp\/v2\/comments?post=25"}],"version-history":[{"count":29,"href":"https:\/\/mossdecoration.com\/en\/wp-json\/wp\/v2\/pages\/25\/revisions"}],"predecessor-version":[{"id":743,"href":"https:\/\/mossdecoration.com\/en\/wp-json\/wp\/v2\/pages\/25\/revisions\/743"}],"wp:attachment":[{"href":"https:\/\/mossdecoration.com\/en\/wp-json\/wp\/v2\/media?parent=25"}],"curies":[{"name":"wp","href":"https:\/\/api.w.org\/{rel}","templated":true}]}}