{"id":196,"date":"2026-03-29T10:32:55","date_gmt":"2026-03-29T08:32:55","guid":{"rendered":"https:\/\/mossdecoration.com\/?page_id=196"},"modified":"2026-03-29T10:34:50","modified_gmt":"2026-03-29T08:34:50","slug":"impresszum","status":"publish","type":"page","link":"https:\/\/mossdecoration.com\/en\/impresszum\/","title":{"rendered":"masthead"},"content":{"rendered":"\t\t<div data-elementor-type=\"wp-page\" data-elementor-id=\"196\" class=\"elementor elementor-196\" data-elementor-post-type=\"page\">\n\t\t\t\t<div class=\"elementor-element elementor-element-88393ef e-con-full e-flex e-con e-parent\" data-id=\"88393ef\" data-element_type=\"container\" data-e-type=\"container\" data-settings=\"{&quot;background_background&quot;:&quot;classic&quot;}\">\n\t\t<div class=\"elementor-element elementor-element-d097223 e-con-full e-flex e-con e-child\" data-id=\"d097223\" data-element_type=\"container\" data-e-type=\"container\" data-settings=\"{&quot;background_background&quot;:&quot;slideshow&quot;,&quot;background_slideshow_gallery&quot;:[{&quot;id&quot;:58,&quot;url&quot;:&quot;https:\\\/\\\/mossdecoration.com\\\/wp-content\\\/uploads\\\/2026\\\/03\\\/zuzmo-4.webp&quot;},{&quot;id&quot;:55,&quot;url&quot;:&quot;https:\\\/\\\/mossdecoration.com\\\/wp-content\\\/uploads\\\/2026\\\/03\\\/zuzmo-1-scaled.webp&quot;},{&quot;id&quot;:16,&quot;url&quot;:&quot;https:\\\/\\\/mossdecoration.com\\\/wp-content\\\/uploads\\\/2026\\\/03\\\/mossdecoration-scaled.webp&quot;}],&quot;background_slideshow_loop&quot;:&quot;yes&quot;,&quot;background_slideshow_slide_duration&quot;:5000,&quot;background_slideshow_slide_transition&quot;:&quot;fade&quot;,&quot;background_slideshow_transition_duration&quot;:500}\">\n\t\t\t\t<\/div>\n\t\t<div class=\"elementor-element elementor-element-16144f9 e-con-full e-flex e-con e-child\" data-id=\"16144f9\" data-element_type=\"container\" data-e-type=\"container\" data-settings=\"{&quot;background_background&quot;:&quot;classic&quot;}\">\n\t\t\t\t<div class=\"elementor-element elementor-element-4c90eec elementor-widget elementor-widget-heading\" data-id=\"4c90eec\" data-element_type=\"widget\" data-e-type=\"widget\" data-widget_type=\"heading.default\">\n\t\t\t\t\t<h2 class=\"elementor-heading-title elementor-size-default\">Impresszum<\/h2>\t\t\t\t<\/div>\n\t\t\t\t<div class=\"elementor-element elementor-element-b6c56bd elementor-widget elementor-widget-text-editor\" data-id=\"b6c56bd\" data-element_type=\"widget\" data-e-type=\"widget\" data-widget_type=\"text-editor.default\">\n\t\t\t\t\t\t\t\t\t<p><strong>\u00dczemeltet\u0151:<\/strong><\/p><p><span style=\"font-weight: 400;\">N\u00e9v: Kupi Krisztina EV.<\/span><\/p><p><span style=\"font-weight: 400;\">Sz\u00e9khely: <\/span><span style=\"font-weight: 400;\">9028, Gy\u0151r Mozs\u00e1r utca 16<\/span><span style=\"font-weight: 400;\">.\u00a0<\/span><\/p><p><span style=\"font-weight: 400;\">Email: <\/span><span style=\"font-weight: 400;\">kupi.krisztina1@gmail.com<\/span><\/p><p><span style=\"font-weight: 400;\">Ad\u00f3sz\u00e1m: <\/span><span style=\"font-weight: 400;\">69007048-1-28<\/span><span style=\"font-weight: 400;\">\u00a0<\/span><\/p><p><strong>T\u00e1rhelyszolg\u00e1ltat\u00f3 adatai:\u00a0<\/strong><\/p><p><span style=\"font-weight: 400;\">N\u00e9v: 2025 Rackhost Zrt.<\/span><\/p><p><span style=\"font-weight: 400;\">Sz\u00e9khely: 6722 Szeged, Tisza Lajos k\u00f6r\u00fat 41.<\/span><\/p><p><span style=\"font-weight: 400;\">Email c\u00edm: info@rackhost.hu<\/span><\/p><p><span style=\"font-weight: 400;\">Telefon: +36 1 445 1200<\/span><\/p><p><span style=\"font-weight: 400;\">C\u00e9gjegyz\u00e9ksz\u00e1m: 06-10-000489<\/span><\/p>\t\t\t\t\t\t\t\t<\/div>\n\t\t\t\t<\/div>\n\t\t\t\t<\/div>\n\t\t\t\t<\/div>\n\t\t","protected":false},"excerpt":{"rendered":"<p>Impresszum \u00dczemeltet\u0151: N\u00e9v: Kupi Krisztina EV. Sz\u00e9khely: 9028, Gy\u0151r Mozs\u00e1r utca 16.\u00a0 Email: kupi.krisztina1@gmail.com Ad\u00f3sz\u00e1m: 69007048-1-28\u00a0 T\u00e1rhelyszolg\u00e1ltat\u00f3 adatai:\u00a0 N\u00e9v: 2025 Rackhost Zrt. Sz\u00e9khely: 6722 Szeged, Tisza Lajos k\u00f6r\u00fat 41. Email c\u00edm: info@rackhost.hu Telefon: +36 1 445 1200 C\u00e9gjegyz\u00e9ksz\u00e1m: 06-10-000489<\/p>","protected":false},"author":1,"featured_media":0,"parent":0,"menu_order":0,"comment_status":"closed","ping_status":"closed","template":"elementor_header_footer","meta":{"footnotes":""},"class_list":["post-196","page","type-page","status-publish","hentry"],"yoast_head":"<!-- This site is optimized with the Yoast SEO plugin v27.4 - https:\/\/yoast.com\/product\/yoast-seo-wordpress\/ -->\n<title>Impresszum - Moss Decoration<\/title>\n<meta name=\"robots\" content=\"index, follow, max-snippet:-1, max-image-preview:large, max-video-preview:-1\" \/>\n<link rel=\"canonical\" href=\"https:\/\/mossdecoration.com\/en\/impresszum\/\" \/>\n<meta property=\"og:locale\" content=\"en_GB\" \/>\n<meta property=\"og:type\" content=\"article\" \/>\n<meta property=\"og:title\" content=\"Impresszum - Moss Decoration\" \/>\n<meta property=\"og:description\" content=\"Impresszum \u00dczemeltet\u0151: N\u00e9v: Kupi Krisztina EV. Sz\u00e9khely: 9028, Gy\u0151r Mozs\u00e1r utca 16.\u00a0 Email: kupi.krisztina1@gmail.com Ad\u00f3sz\u00e1m: 69007048-1-28\u00a0 T\u00e1rhelyszolg\u00e1ltat\u00f3 adatai:\u00a0 N\u00e9v: 2025 Rackhost Zrt. Sz\u00e9khely: 6722 Szeged, Tisza Lajos k\u00f6r\u00fat 41. Email c\u00edm: info@rackhost.hu Telefon: +36 1 445 1200 C\u00e9gjegyz\u00e9ksz\u00e1m: 06-10-000489\" \/>\n<meta property=\"og:url\" content=\"https:\/\/mossdecoration.com\/en\/impresszum\/\" \/>\n<meta property=\"og:site_name\" content=\"Moss Decoration\" \/>\n<meta property=\"article:modified_time\" content=\"2026-03-29T08:34:50+00:00\" \/>\n<meta name=\"twitter:card\" content=\"summary_large_image\" \/>\n<script type=\"application\/ld+json\" class=\"yoast-schema-graph\">{\"@context\":\"https:\\\/\\\/schema.org\",\"@graph\":[{\"@type\":\"WebPage\",\"@id\":\"https:\\\/\\\/mossdecoration.com\\\/impresszum\\\/\",\"url\":\"https:\\\/\\\/mossdecoration.com\\\/impresszum\\\/\",\"name\":\"Impresszum - Moss Decoration\",\"isPartOf\":{\"@id\":\"https:\\\/\\\/mossdecoration.com\\\/#website\"},\"datePublished\":\"2026-03-29T08:32:55+00:00\",\"dateModified\":\"2026-03-29T08:34:50+00:00\",\"breadcrumb\":{\"@id\":\"https:\\\/\\\/mossdecoration.com\\\/impresszum\\\/#breadcrumb\"},\"inLanguage\":\"en-GB\",\"potentialAction\":[{\"@type\":\"ReadAction\",\"target\":[\"https:\\\/\\\/mossdecoration.com\\\/impresszum\\\/\"]}]},{\"@type\":\"BreadcrumbList\",\"@id\":\"https:\\\/\\\/mossdecoration.com\\\/impresszum\\\/#breadcrumb\",\"itemListElement\":[{\"@type\":\"ListItem\",\"position\":1,\"name\":\"Kezd\u0151lap\",\"item\":\"https:\\\/\\\/mossdecoration.com\\\/\"},{\"@type\":\"ListItem\",\"position\":2,\"name\":\"Impresszum\"}]},{\"@type\":\"WebSite\",\"@id\":\"https:\\\/\\\/mossdecoration.com\\\/#website\",\"url\":\"https:\\\/\\\/mossdecoration.com\\\/\",\"name\":\"Moss Decoration\",\"description\":\"K\u00e9zzel k\u00e9sz\u00fclt, tart\u00f3s\u00edtott zuzm\u00f3-\u00e9s moha dekor\u00e1ci\u00f3k.\",\"publisher\":{\"@id\":\"https:\\\/\\\/mossdecoration.com\\\/#organization\"},\"potentialAction\":[{\"@type\":\"SearchAction\",\"target\":{\"@type\":\"EntryPoint\",\"urlTemplate\":\"https:\\\/\\\/mossdecoration.com\\\/?s={search_term_string}\"},\"query-input\":{\"@type\":\"PropertyValueSpecification\",\"valueRequired\":true,\"valueName\":\"search_term_string\"}}],\"inLanguage\":\"en-GB\"},{\"@type\":\"Organization\",\"@id\":\"https:\\\/\\\/mossdecoration.com\\\/#organization\",\"name\":\"Moss Decoration\",\"url\":\"https:\\\/\\\/mossdecoration.com\\\/\",\"logo\":{\"@type\":\"ImageObject\",\"inLanguage\":\"en-GB\",\"@id\":\"https:\\\/\\\/mossdecoration.com\\\/#\\\/schema\\\/logo\\\/image\\\/\",\"url\":\"https:\\\/\\\/mossdecoration.com\\\/wp-content\\\/uploads\\\/2026\\\/03\\\/logo.png\",\"contentUrl\":\"https:\\\/\\\/mossdecoration.com\\\/wp-content\\\/uploads\\\/2026\\\/03\\\/logo.png\",\"width\":500,\"height\":500,\"caption\":\"Moss Decoration\"},\"image\":{\"@id\":\"https:\\\/\\\/mossdecoration.com\\\/#\\\/schema\\\/logo\\\/image\\\/\"}}]}<\/script>\n<!-- \/ Yoast SEO plugin. -->","yoast_head_json":{"title":"Impresszum - Moss Decoration","robots":{"index":"index","follow":"follow","max-snippet":"max-snippet:-1","max-image-preview":"max-image-preview:large","max-video-preview":"max-video-preview:-1"},"canonical":"https:\/\/mossdecoration.com\/en\/impresszum\/","og_locale":"en_GB","og_type":"article","og_title":"Impresszum - Moss Decoration","og_description":"Impresszum \u00dczemeltet\u0151: N\u00e9v: Kupi Krisztina EV. Sz\u00e9khely: 9028, Gy\u0151r Mozs\u00e1r utca 16.\u00a0 Email: kupi.krisztina1@gmail.com Ad\u00f3sz\u00e1m: 69007048-1-28\u00a0 T\u00e1rhelyszolg\u00e1ltat\u00f3 adatai:\u00a0 N\u00e9v: 2025 Rackhost Zrt. Sz\u00e9khely: 6722 Szeged, Tisza Lajos k\u00f6r\u00fat 41. Email c\u00edm: info@rackhost.hu Telefon: +36 1 445 1200 C\u00e9gjegyz\u00e9ksz\u00e1m: 06-10-000489","og_url":"https:\/\/mossdecoration.com\/en\/impresszum\/","og_site_name":"Moss Decoration","article_modified_time":"2026-03-29T08:34:50+00:00","twitter_card":"summary_large_image","schema":{"@context":"https:\/\/schema.org","@graph":[{"@type":"WebPage","@id":"https:\/\/mossdecoration.com\/impresszum\/","url":"https:\/\/mossdecoration.com\/impresszum\/","name":"Impresszum - Moss Decoration","isPartOf":{"@id":"https:\/\/mossdecoration.com\/#website"},"datePublished":"2026-03-29T08:32:55+00:00","dateModified":"2026-03-29T08:34:50+00:00","breadcrumb":{"@id":"https:\/\/mossdecoration.com\/impresszum\/#breadcrumb"},"inLanguage":"en-GB","potentialAction":[{"@type":"ReadAction","target":["https:\/\/mossdecoration.com\/impresszum\/"]}]},{"@type":"BreadcrumbList","@id":"https:\/\/mossdecoration.com\/impresszum\/#breadcrumb","itemListElement":[{"@type":"ListItem","position":1,"name":"Kezd\u0151lap","item":"https:\/\/mossdecoration.com\/"},{"@type":"ListItem","position":2,"name":"Impresszum"}]},{"@type":"WebSite","@id":"https:\/\/mossdecoration.com\/#website","url":"https:\/\/mossdecoration.com\/","name":"Moss Decoration","description":"K\u00e9zzel k\u00e9sz\u00fclt, tart\u00f3s\u00edtott zuzm\u00f3-\u00e9s moha dekor\u00e1ci\u00f3k.","publisher":{"@id":"https:\/\/mossdecoration.com\/#organization"},"potentialAction":[{"@type":"SearchAction","target":{"@type":"EntryPoint","urlTemplate":"https:\/\/mossdecoration.com\/?s={search_term_string}"},"query-input":{"@type":"PropertyValueSpecification","valueRequired":true,"valueName":"search_term_string"}}],"inLanguage":"en-GB"},{"@type":"Organization","@id":"https:\/\/mossdecoration.com\/#organization","name":"Moss Decoration","url":"https:\/\/mossdecoration.com\/","logo":{"@type":"ImageObject","inLanguage":"en-GB","@id":"https:\/\/mossdecoration.com\/#\/schema\/logo\/image\/","url":"https:\/\/mossdecoration.com\/wp-content\/uploads\/2026\/03\/logo.png","contentUrl":"https:\/\/mossdecoration.com\/wp-content\/uploads\/2026\/03\/logo.png","width":500,"height":500,"caption":"Moss Decoration"},"image":{"@id":"https:\/\/mossdecoration.com\/#\/schema\/logo\/image\/"}}]}},"_links":{"self":[{"href":"https:\/\/mossdecoration.com\/en\/wp-json\/wp\/v2\/pages\/196","targetHints":{"allow":["GET"]}}],"collection":[{"href":"https:\/\/mossdecoration.com\/en\/wp-json\/wp\/v2\/pages"}],"about":[{"href":"https:\/\/mossdecoration.com\/en\/wp-json\/wp\/v2\/types\/page"}],"author":[{"embeddable":true,"href":"https:\/\/mossdecoration.com\/en\/wp-json\/wp\/v2\/users\/1"}],"replies":[{"embeddable":true,"href":"https:\/\/mossdecoration.com\/en\/wp-json\/wp\/v2\/comments?post=196"}],"version-history":[{"count":4,"href":"https:\/\/mossdecoration.com\/en\/wp-json\/wp\/v2\/pages\/196\/revisions"}],"predecessor-version":[{"id":200,"href":"https:\/\/mossdecoration.com\/en\/wp-json\/wp\/v2\/pages\/196\/revisions\/200"}],"wp:attachment":[{"href":"https:\/\/mossdecoration.com\/en\/wp-json\/wp\/v2\/media?parent=196"}],"curies":[{"name":"wp","href":"https:\/\/api.w.org\/{rel}","templated":true}]}}