{"id":191,"date":"2026-03-29T10:24:27","date_gmt":"2026-03-29T08:24:27","guid":{"rendered":"https:\/\/mossdecoration.com\/?page_id=191"},"modified":"2026-03-29T10:30:12","modified_gmt":"2026-03-29T08:30:12","slug":"adatkezelesi-tajekoztato","status":"publish","type":"page","link":"https:\/\/mossdecoration.com\/en\/adatkezelesi-tajekoztato\/","title":{"rendered":"Privacy notice"},"content":{"rendered":"<div data-elementor-type=\"wp-page\" data-elementor-id=\"191\" class=\"elementor elementor-191\" data-elementor-post-type=\"page\">\n\t\t\t\t<div class=\"elementor-element elementor-element-17f00d8 e-flex e-con-boxed e-con e-parent\" data-id=\"17f00d8\" data-element_type=\"container\" data-e-type=\"container\" data-settings=\"{&quot;background_background&quot;:&quot;classic&quot;}\">\n\t\t\t\t\t<div class=\"e-con-inner\">\n\t\t\t\t<div class=\"elementor-element elementor-element-ca1f8e7 elementor-widget elementor-widget-heading\" data-id=\"ca1f8e7\" data-element_type=\"widget\" data-e-type=\"widget\" data-widget_type=\"heading.default\">\n\t\t\t\t\t<h2 class=\"elementor-heading-title elementor-size-default\">Privacy notice <\/h2>\t\t\t\t<\/div>\n\t\t\t\t<div class=\"elementor-element elementor-element-dce26a9 elementor-widget elementor-widget-text-editor\" data-id=\"dce26a9\" data-element_type=\"widget\" data-e-type=\"widget\" data-widget_type=\"text-editor.default\">\n\t\t\t\t\t\t\t\t\t<p><span style=\"font-weight: 400;\">This Privacy Policy sets out the terms and conditions of the data management practices of www.mossdecoration.com, website. This website is owned and operated by Krisztina Kupi Krisztina Sole Proprietor (hereinafter referred to as the \"Service Provider\"). The Service Provider, as the data controller, acknowledges the contents of this legal notice as binding. It undertakes to ensure that all processing of data related to its activities complies with the requirements set out in this policy and the applicable legislation.<\/span><\/p><p><span style=\"font-weight: 400;\">The purpose of this Policy is to ensure that in all areas of the services provided by the Service Provider, all individuals (hereinafter referred to as \"User\"), regardless of their nationality or place of residence, are guaranteed that their rights and fundamental freedoms, in particular their right to privacy, are respected when their personal data are processed by automated means (data protection).<\/span><\/p><p><span style=\"font-weight: 400;\">The Service Provider respects the personal rights of the Users of the Website; the personal data recorded will be treated confidentially, in accordance with data protection legislation and international recommendations, and in accordance with this Privacy Policy.<\/span><\/p><p><span style=\"font-weight: 400;\">By using the Website, the User agrees to the following and consents to the processing of data as set out below.<\/span><\/p><p><b>NAME OF THE CONTROLLER<\/b><\/p><table><tbody><tr><td><p><span style=\"font-weight: 400;\">Name:<\/span><\/p><\/td><td><p><span style=\"font-weight: 400;\">Kupi Krisztina EV.<\/span><\/p><\/td><\/tr><tr><td><p><span style=\"font-weight: 400;\">Seat:<\/span><\/p><\/td><td><p><span style=\"font-weight: 400;\">9028, Gy\u0151r Mozs\u00e1r utca 16<\/span><span style=\"font-weight: 400;\">.<\/span><\/p><\/td><\/tr><tr><td><p><span style=\"font-weight: 400;\">Mailing address:<\/span><\/p><\/td><td><p><span style=\"font-weight: 400;\">9028, Gy\u0151r Mozs\u00e1r utca 16<\/span><span style=\"font-weight: 400;\">.\u00a0<\/span><\/p><\/td><\/tr><tr><td><p><span style=\"font-weight: 400;\">Tax number:<\/span><\/p><\/td><td><p><span style=\"font-weight: 400;\">69007048-1-28<\/span><\/p><\/td><\/tr><tr><td><p><span style=\"font-weight: 400;\">E-mail address:<\/span><\/p><\/td><td><p><span style=\"font-weight: 400;\">kupi.krisztina1@gmail.com<\/span><\/p><\/td><\/tr><\/tbody><\/table><p><b>\u00a0<\/b><\/p><p><b>PURPOSE OF PROCESSING<\/b><\/p><p><span style=\"font-weight: 400;\">The Service Provider shall use the data provided by the User for the following purposes only<\/span><\/p><ol><li style=\"font-weight: 400;\" aria-level=\"1\"><span style=\"font-weight: 400;\">communication between the seller and the buyer and between the Service Provider and the User,<\/span><\/li><li style=\"font-weight: 400;\" aria-level=\"1\"><span style=\"font-weight: 400;\">To provide the Service Provider's services in an efficient, secure and personalised manner; to enter into contracts; and to send newsletters and other marketing communications.<\/span><\/li><\/ol><p><span style=\"font-weight: 400;\">\u00a0<\/span><\/p><p><b>LEGAL BASIS FOR PROCESSING<\/b><\/p><p><span style=\"font-weight: 400;\">Data processing by the Service Provider is based on the voluntary consent of the Users pursuant to Article 5 (1) (a) of Act CXII of 2011 on the Right of Informational Self-Determination and Freedom of Information (hereinafter: Infotv) and on the basis of Act CVIII of 2001 on certain issues of electronic commerce services and information society services. The consent is given by the User with regard to certain data processing by using the Website or by voluntarily providing the data in question.<\/span><\/p><p><b>DURATION OF PROCESSING<\/b><\/p><p><span style=\"font-weight: 400;\">The processing of personal data provided during the registration process starts with the registration and continues until its deletion. Users can request the cancellation of their registration or the modification of their data at any time through the Contact Us menu. Upon receipt of the request, the Service Provider will permanently delete the User's personal data from its system, which cannot be restored.<\/span><span style=\"font-weight: 400;\"><br \/><\/span><span style=\"font-weight: 400;\">The deadline for deletion of data is 3 working days after receipt of the request for deletion of registration.<\/span><span style=\"font-weight: 400;\"><br \/><\/span><span style=\"font-weight: 400;\">The Service Provider asks the User to register on the site only if he\/she has no objections or reservations regarding the above.<\/span><span style=\"font-weight: 400;\"><br \/><\/span><span style=\"font-weight: 400;\">The above provisions do not affect the fulfilment of legal retention obligations (e.g. 8 years for account retention obligations under accounting law) or processing based on additional consents given by other means (newsletter subscription).<\/span><\/p><p><b>THE SCOPE OF THE DATA PROCESSED<\/b><\/p><p><b>Cookiek<\/b><\/p><p>The computer of the visitors of the Website is identified by a so-called cookie. In order to view all the content on the Service Provider's Website, the User is required to allow cookies. Accordingly, when downloading certain parts of the Website, cookies are placed on the User's computer, which are necessary for the operation of certain functions of the Website.<b><br \/><\/b><\/p><p><span style=\"font-weight: 400;\">Cookies are small text files that are saved by your computer and browser. The User receives no further notification from the Service Provider that this has occurred. Cookies are not used to identify the User and are persistent during the session.The \u201eHelp\u201d function in the menu bar of most browsers provides information on how to use the browser's<\/span><\/p><ul><li style=\"font-weight: 400;\" aria-level=\"1\"><span style=\"font-weight: 400;\">how to disable cookies,<\/span><\/li><li style=\"font-weight: 400;\" aria-level=\"1\"><span style=\"font-weight: 400;\">how to accept new cookies, or<\/span><\/li><li style=\"font-weight: 400;\" aria-level=\"1\"><span style=\"font-weight: 400;\">how to instruct your browser to set a new cookie, or<\/span><\/li><li style=\"font-weight: 400;\" aria-level=\"1\"><span style=\"font-weight: 400;\">how to turn off other cookies.<\/span><\/li><\/ul><p><span style=\"font-weight: 400;\">\u00a0<\/span><\/p><p><span style=\"font-weight: 400;\">In addition, Google will ensure that the User is able to opt-out of the ads displayed by Google on the page (<\/span><a href=\"https:\/\/www.google.hu\/privacy_ads.html\"><span style=\"font-weight: 400;\">https:\/\/www.google.hu\/privacy_ads.html<\/span><\/a><span style=\"font-weight: 400;\">), you can disable cookies set by Google. The cookies used on the Websites do not cause any harm to the User's computer and do not contain any viruses.<\/span><\/p><p><span style=\"font-weight: 400;\">The Service Provider uses the following cookies, grouped by lifetime:<\/span><\/p><ul><li style=\"font-weight: 400;\" aria-level=\"1\"><span style=\"font-weight: 400;\">Session cookie: session cookies are automatically deleted after the User's visit. These cookies are used to enable the Service Provider's Website to function more efficiently and securely, i.e. they are essential to enable certain functions of the Website or certain applications to function properly.<\/span><\/li><li style=\"font-weight: 400;\" aria-level=\"1\"><span style=\"font-weight: 400;\">Persistent cookie: persistent cookies are also used by the Service Provider to improve the user experience (e.g. to provide optimised navigation). These cookies are stored for a longer period of time in the browser's cookie file. The duration of this period depends on the setting of the User's Internet browser. With the help of these cookies, the Service Provider collects data anonymously for marketing and optimisation purposes. These data are used by the Service Provider to identify the specific needs of individual customer groups and thus to send targeted advertising, i.e. to better target the information relevant to the Users. The data is not used by the Service Provider to personally identify the User. Naturally, the User may at any time opt out of the use of his\/her data in this way by contacting the Service Provider at any of the contact details indicated above.<\/span><\/li><\/ul><p><span style=\"font-weight: 400;\">\u00a0<\/span><\/p><p><span style=\"font-weight: 400;\">Cookies cannot be used to identify the User personally.\u00a0<\/span><\/p><p><b>\u00a0<\/b><\/p><p><b>TECHNICAL DATA<\/b><\/p><p><span style=\"font-weight: 400;\">\u00a0During the browsing of the Website, technical information is recorded (e.g. in the form of log files containing the user's IP address, the time, the URL of the page visited). This data is logged continuously, but is not linked to the data provided during the subscription to the newsletter or during use. Users do not have access to the data obtained in this way, only the Service Provider. The Service Provider uses the above information solely for the technical operation of the Website and for statistical purposes.<\/span><span style=\"font-weight: 400;\"><br \/><\/span><span style=\"font-weight: 400;\">For the purpose of compiling statistics on user habits, the Service Provider uses a program developed by itself or Google Analytics, Gemius, Etarget, which records the User's IP address, the time of the visit, the address of the page viewed and all other information recorded by Google Analytics, Gemius, Etarget. The Service Provider does not link the User's IP address to any other data that could be used to identify the User.<\/span><\/p><p><b>NEWSLETTER<\/b><\/p><p>The Service Provider allows the User to subscribe to a newsletter on the home page of the Website. The newsletter has direct marketing elements and contains advertising. The Service Provider processes the data provided by the User when subscribing to the newsletter. The User may unsubscribe from receiving the newsletter at any time, free of charge, without any restriction and without giving any reason. This can be done by letter, e-mail or by clicking on the \u201eUnsubscribe\u201d link at the bottom of the newsletter. In this case, the Service Provider will delete all personal data necessary for sending the newsletters from its records and will not contact the User with further newsletters or offers.<b><br \/><\/b><\/p><p><b>THE PERSONS WHO HAVE ACCESS TO THE DATA<\/b><\/p><p>The data are primarily accessible to the Service Provider or its employees, are not disclosed and are only used for the purposes set out in the Privacy Policy.<b><br \/><\/b><\/p><p><span style=\"font-weight: 400;\">The Service Provider may use a data processor (e.g. a system operator) to operate the underlying IT system.<\/span><\/p><p><b>DATA PROCESSING<\/b><\/p><p><b>Data collection from external service providers on the website<\/b><b><br \/><\/b><span style=\"font-weight: 400;\">Websites operated by the Service Provider contain links from and to external servers.<\/span><span style=\"font-weight: 400;\"><br \/><\/span><span style=\"font-weight: 400;\">Such an external server helps to independently audit the website's traffic and other web analytics data (Google Analytics). The data controllers can provide the User with detailed information on the processing of this data.<\/span><span style=\"font-weight: 400;\"><br \/><\/span><span style=\"font-weight: 400;\">External service providers do not have access to personal data, the Service Provider only provides access to aggregated data.<\/span><\/p><p><span style=\"font-weight: 400;\">Contact: https:\/\/policies.google.com\/<\/span><\/p><p><span style=\"font-weight: 400;\">technologies\/partner-sites<\/span><\/p><p><b>ADATABILITY<\/b><b><br \/><\/b><span style=\"font-weight: 400;\">The Service Provider shall take all necessary steps to ensure the security of the personal data provided by Users on the Website, both during network communication and during the storage and safekeeping of the data.<\/span><span style=\"font-weight: 400;\"><br \/><\/span><span style=\"font-weight: 400;\">Access to personal data is strictly limited to prevent unauthorised access, unauthorised alteration or unauthorised use of personal data.<\/span><span style=\"font-weight: 400;\"><br \/><\/span><span style=\"font-weight: 400;\">The Service Provider's IT system and network are adequately protected against fraud, espionage, computer viruses and computer intrusions.<\/span><span style=\"font-weight: 400;\"><br \/><\/span><span style=\"font-weight: 400;\">During the data processing, the Service Provider shall retain<\/span><\/p><ol><li style=\"font-weight: 400;\" aria-level=\"1\"><span style=\"font-weight: 400;\">confidentiality: it protects personal data so that only authorised persons have access to it;<\/span><\/li><li style=\"font-weight: 400;\" aria-level=\"1\"><span style=\"font-weight: 400;\">integrity: protects the integrity of personal data and the accuracy of the way in which it is processed;<\/span><\/li><\/ol><p><span style=\"font-weight: 400;\">\u00a0<\/span><\/p><p><b>\u00a0<\/b><b>USER RIGHTS AND REMEDIES<\/b><\/p><p><span style=\"font-weight: 400;\">The Service Provider shall examine the objection within the shortest possible time from the date of the request, but not later than 15 days, decide whether the objection is justified and inform the applicant in writing of its decision.<\/span><span style=\"font-weight: 400;\"><br \/><\/span><span style=\"font-weight: 400;\">The data subject may exercise his or her rights by contacting:<\/span><\/p><table><tbody><tr><td><p><span style=\"font-weight: 400;\">Name:<\/span><\/p><\/td><td><p><span style=\"font-weight: 400;\">Kupi Krisztina Ev.<\/span><\/p><\/td><\/tr><tr><td><p><span style=\"font-weight: 400;\">Mailing address:<\/span><\/p><\/td><td><p><span style=\"font-weight: 400;\">9028, Gy\u0151r Mozs\u00e1r utca 16<\/span><span style=\"font-weight: 400;\">.\u00a0<\/span><\/p><\/td><\/tr><tr><td><p><span style=\"font-weight: 400;\">Email address:<\/span><\/p><\/td><td><p><span style=\"font-weight: 400;\">kupi.krisztina1@gmail.com<\/span><\/p><\/td><\/tr><\/tbody><\/table><p><b>\u00a0<\/b><\/p><p><b>LEGAL REMEDIES<\/b><b><br \/><\/b><span style=\"font-weight: 400;\">Based on the Info.tv. and the Civil Code (Act V of 2013), in connection with the processing of your data, the User may.<\/span><\/p><ul><li style=\"font-weight: 400;\" aria-level=\"1\"><span style=\"font-weight: 400;\">to the National Authority for Data Protection and Freedom of Information (1055 Budapest, Falk Miksa utca 9-11.; www.naih.hu )\u00a0<\/span><\/li><li style=\"font-weight: 400;\" aria-level=\"1\"><span style=\"font-weight: 400;\">or enforce your rights before the Court of Justice.<\/span><\/li><\/ul><p><b>\u00a0<\/b><\/p><p><b>\u00a0OTHER PROVISIONS<\/b><\/p><p><span style=\"font-weight: 400;\">The Service Provider reserves the right to unilaterally modify this Privacy Policy with prior notice to Users. After the amendment has entered into force, the User accepts the amended Privacy Policy by using the Service.<\/span><\/p><p><span style=\"font-weight: 400;\">The effective date of this Privacy Notice is 30.03.2026.<\/span><\/p>\t\t\t\t\t\t\t\t<\/div>\n\t\t\t\t\t<\/div>\n\t\t\t\t<\/div>\n\t\t\t\t<\/div>","protected":false},"excerpt":{"rendered":"<p>Adatkezel\u00e9si t\u00e1j\u00e9koztat\u00f3 Jelen Adatkezel\u00e9si t\u00e1j\u00e9koztat\u00f3 a www.mossdecoration.com, weboldal adatkezel\u00e9si gyakorlat\u00e1nak felt\u00e9teleit tartalmazza. Ez a honlap Kupi Krisztina Egy\u00e9ni V\u00e1llalkoz\u00f3 (tov\u00e1bbiakban Szolg\u00e1ltat\u00f3), mint honlap \u00fczemeltet\u0151 tulajdon\u00e1ban van. A Szolg\u00e1ltat\u00f3, mint adatkezel\u0151 mag\u00e1ra n\u00e9zve k\u00f6telez\u0151nek ismeri el jelen jogi k\u00f6zlem\u00e9ny tartalm\u00e1t. K\u00f6telezetts\u00e9get v\u00e1llal arra, hogy tev\u00e9kenys\u00e9g\u00e9vel kapcsolatos minden adatkezel\u00e9s megfelel a jelen szab\u00e1lyzatban \u00e9s a hat\u00e1lyos jogszab\u00e1lyokban [&hellip;]<\/p>\n","protected":false},"author":1,"featured_media":0,"parent":0,"menu_order":0,"comment_status":"closed","ping_status":"closed","template":"elementor_header_footer","meta":{"footnotes":""},"class_list":["post-191","page","type-page","status-publish","hentry"],"yoast_head":"<!-- This site is optimized with the Yoast SEO plugin v27.4 - https:\/\/yoast.com\/product\/yoast-seo-wordpress\/ -->\n<title>Adatkezel\u00e9si t\u00e1j\u00e9koztat\u00f3 - Moss Decoration<\/title>\n<meta name=\"robots\" content=\"index, follow, max-snippet:-1, max-image-preview:large, max-video-preview:-1\" \/>\n<link rel=\"canonical\" href=\"https:\/\/mossdecoration.com\/en\/adatkezelesi-tajekoztato\/\" \/>\n<meta property=\"og:locale\" content=\"en_GB\" \/>\n<meta property=\"og:type\" content=\"article\" \/>\n<meta property=\"og:title\" content=\"Adatkezel\u00e9si t\u00e1j\u00e9koztat\u00f3 - Moss Decoration\" \/>\n<meta property=\"og:description\" content=\"Adatkezel\u00e9si t\u00e1j\u00e9koztat\u00f3 Jelen Adatkezel\u00e9si t\u00e1j\u00e9koztat\u00f3 a www.mossdecoration.com, weboldal adatkezel\u00e9si gyakorlat\u00e1nak felt\u00e9teleit tartalmazza. Ez a honlap Kupi Krisztina Egy\u00e9ni V\u00e1llalkoz\u00f3 (tov\u00e1bbiakban Szolg\u00e1ltat\u00f3), mint honlap \u00fczemeltet\u0151 tulajdon\u00e1ban van. A Szolg\u00e1ltat\u00f3, mint adatkezel\u0151 mag\u00e1ra n\u00e9zve k\u00f6telez\u0151nek ismeri el jelen jogi k\u00f6zlem\u00e9ny tartalm\u00e1t. K\u00f6telezetts\u00e9get v\u00e1llal arra, hogy tev\u00e9kenys\u00e9g\u00e9vel kapcsolatos minden adatkezel\u00e9s megfelel a jelen szab\u00e1lyzatban \u00e9s a hat\u00e1lyos jogszab\u00e1lyokban [&hellip;]\" \/>\n<meta property=\"og:url\" content=\"https:\/\/mossdecoration.com\/en\/adatkezelesi-tajekoztato\/\" \/>\n<meta property=\"og:site_name\" content=\"Moss Decoration\" \/>\n<meta property=\"article:modified_time\" content=\"2026-03-29T08:30:12+00:00\" \/>\n<meta name=\"twitter:card\" content=\"summary_large_image\" \/>\n<meta name=\"twitter:label1\" content=\"Estimated reading time\" \/>\n\t<meta name=\"twitter:data1\" content=\"11 minutes\" \/>\n<script type=\"application\/ld+json\" class=\"yoast-schema-graph\">{\"@context\":\"https:\\\/\\\/schema.org\",\"@graph\":[{\"@type\":\"WebPage\",\"@id\":\"https:\\\/\\\/mossdecoration.com\\\/adatkezelesi-tajekoztato\\\/\",\"url\":\"https:\\\/\\\/mossdecoration.com\\\/adatkezelesi-tajekoztato\\\/\",\"name\":\"Adatkezel\u00e9si t\u00e1j\u00e9koztat\u00f3 - Moss Decoration\",\"isPartOf\":{\"@id\":\"https:\\\/\\\/mossdecoration.com\\\/#website\"},\"datePublished\":\"2026-03-29T08:24:27+00:00\",\"dateModified\":\"2026-03-29T08:30:12+00:00\",\"breadcrumb\":{\"@id\":\"https:\\\/\\\/mossdecoration.com\\\/adatkezelesi-tajekoztato\\\/#breadcrumb\"},\"inLanguage\":\"en-GB\",\"potentialAction\":[{\"@type\":\"ReadAction\",\"target\":[\"https:\\\/\\\/mossdecoration.com\\\/adatkezelesi-tajekoztato\\\/\"]}]},{\"@type\":\"BreadcrumbList\",\"@id\":\"https:\\\/\\\/mossdecoration.com\\\/adatkezelesi-tajekoztato\\\/#breadcrumb\",\"itemListElement\":[{\"@type\":\"ListItem\",\"position\":1,\"name\":\"Kezd\u0151lap\",\"item\":\"https:\\\/\\\/mossdecoration.com\\\/\"},{\"@type\":\"ListItem\",\"position\":2,\"name\":\"Adatkezel\u00e9si t\u00e1j\u00e9koztat\u00f3\"}]},{\"@type\":\"WebSite\",\"@id\":\"https:\\\/\\\/mossdecoration.com\\\/#website\",\"url\":\"https:\\\/\\\/mossdecoration.com\\\/\",\"name\":\"Moss Decoration\",\"description\":\"K\u00e9zzel k\u00e9sz\u00fclt, tart\u00f3s\u00edtott zuzm\u00f3-\u00e9s moha dekor\u00e1ci\u00f3k.\",\"publisher\":{\"@id\":\"https:\\\/\\\/mossdecoration.com\\\/#organization\"},\"potentialAction\":[{\"@type\":\"SearchAction\",\"target\":{\"@type\":\"EntryPoint\",\"urlTemplate\":\"https:\\\/\\\/mossdecoration.com\\\/?s={search_term_string}\"},\"query-input\":{\"@type\":\"PropertyValueSpecification\",\"valueRequired\":true,\"valueName\":\"search_term_string\"}}],\"inLanguage\":\"en-GB\"},{\"@type\":\"Organization\",\"@id\":\"https:\\\/\\\/mossdecoration.com\\\/#organization\",\"name\":\"Moss Decoration\",\"url\":\"https:\\\/\\\/mossdecoration.com\\\/\",\"logo\":{\"@type\":\"ImageObject\",\"inLanguage\":\"en-GB\",\"@id\":\"https:\\\/\\\/mossdecoration.com\\\/#\\\/schema\\\/logo\\\/image\\\/\",\"url\":\"https:\\\/\\\/mossdecoration.com\\\/wp-content\\\/uploads\\\/2026\\\/03\\\/logo.png\",\"contentUrl\":\"https:\\\/\\\/mossdecoration.com\\\/wp-content\\\/uploads\\\/2026\\\/03\\\/logo.png\",\"width\":500,\"height\":500,\"caption\":\"Moss Decoration\"},\"image\":{\"@id\":\"https:\\\/\\\/mossdecoration.com\\\/#\\\/schema\\\/logo\\\/image\\\/\"}}]}<\/script>\n<!-- \/ Yoast SEO plugin. -->","yoast_head_json":{"title":"Adatkezel\u00e9si t\u00e1j\u00e9koztat\u00f3 - Moss Decoration","robots":{"index":"index","follow":"follow","max-snippet":"max-snippet:-1","max-image-preview":"max-image-preview:large","max-video-preview":"max-video-preview:-1"},"canonical":"https:\/\/mossdecoration.com\/en\/adatkezelesi-tajekoztato\/","og_locale":"en_GB","og_type":"article","og_title":"Adatkezel\u00e9si t\u00e1j\u00e9koztat\u00f3 - Moss Decoration","og_description":"Adatkezel\u00e9si t\u00e1j\u00e9koztat\u00f3 Jelen Adatkezel\u00e9si t\u00e1j\u00e9koztat\u00f3 a www.mossdecoration.com, weboldal adatkezel\u00e9si gyakorlat\u00e1nak felt\u00e9teleit tartalmazza. Ez a honlap Kupi Krisztina Egy\u00e9ni V\u00e1llalkoz\u00f3 (tov\u00e1bbiakban Szolg\u00e1ltat\u00f3), mint honlap \u00fczemeltet\u0151 tulajdon\u00e1ban van. A Szolg\u00e1ltat\u00f3, mint adatkezel\u0151 mag\u00e1ra n\u00e9zve k\u00f6telez\u0151nek ismeri el jelen jogi k\u00f6zlem\u00e9ny tartalm\u00e1t. K\u00f6telezetts\u00e9get v\u00e1llal arra, hogy tev\u00e9kenys\u00e9g\u00e9vel kapcsolatos minden adatkezel\u00e9s megfelel a jelen szab\u00e1lyzatban \u00e9s a hat\u00e1lyos jogszab\u00e1lyokban [&hellip;]","og_url":"https:\/\/mossdecoration.com\/en\/adatkezelesi-tajekoztato\/","og_site_name":"Moss Decoration","article_modified_time":"2026-03-29T08:30:12+00:00","twitter_card":"summary_large_image","twitter_misc":{"Estimated reading time":"11 minutes"},"schema":{"@context":"https:\/\/schema.org","@graph":[{"@type":"WebPage","@id":"https:\/\/mossdecoration.com\/adatkezelesi-tajekoztato\/","url":"https:\/\/mossdecoration.com\/adatkezelesi-tajekoztato\/","name":"Adatkezel\u00e9si t\u00e1j\u00e9koztat\u00f3 - Moss Decoration","isPartOf":{"@id":"https:\/\/mossdecoration.com\/#website"},"datePublished":"2026-03-29T08:24:27+00:00","dateModified":"2026-03-29T08:30:12+00:00","breadcrumb":{"@id":"https:\/\/mossdecoration.com\/adatkezelesi-tajekoztato\/#breadcrumb"},"inLanguage":"en-GB","potentialAction":[{"@type":"ReadAction","target":["https:\/\/mossdecoration.com\/adatkezelesi-tajekoztato\/"]}]},{"@type":"BreadcrumbList","@id":"https:\/\/mossdecoration.com\/adatkezelesi-tajekoztato\/#breadcrumb","itemListElement":[{"@type":"ListItem","position":1,"name":"Kezd\u0151lap","item":"https:\/\/mossdecoration.com\/"},{"@type":"ListItem","position":2,"name":"Adatkezel\u00e9si t\u00e1j\u00e9koztat\u00f3"}]},{"@type":"WebSite","@id":"https:\/\/mossdecoration.com\/#website","url":"https:\/\/mossdecoration.com\/","name":"Moss Decoration","description":"K\u00e9zzel k\u00e9sz\u00fclt, tart\u00f3s\u00edtott zuzm\u00f3-\u00e9s moha dekor\u00e1ci\u00f3k.","publisher":{"@id":"https:\/\/mossdecoration.com\/#organization"},"potentialAction":[{"@type":"SearchAction","target":{"@type":"EntryPoint","urlTemplate":"https:\/\/mossdecoration.com\/?s={search_term_string}"},"query-input":{"@type":"PropertyValueSpecification","valueRequired":true,"valueName":"search_term_string"}}],"inLanguage":"en-GB"},{"@type":"Organization","@id":"https:\/\/mossdecoration.com\/#organization","name":"Moss Decoration","url":"https:\/\/mossdecoration.com\/","logo":{"@type":"ImageObject","inLanguage":"en-GB","@id":"https:\/\/mossdecoration.com\/#\/schema\/logo\/image\/","url":"https:\/\/mossdecoration.com\/wp-content\/uploads\/2026\/03\/logo.png","contentUrl":"https:\/\/mossdecoration.com\/wp-content\/uploads\/2026\/03\/logo.png","width":500,"height":500,"caption":"Moss Decoration"},"image":{"@id":"https:\/\/mossdecoration.com\/#\/schema\/logo\/image\/"}}]}},"_links":{"self":[{"href":"https:\/\/mossdecoration.com\/en\/wp-json\/wp\/v2\/pages\/191","targetHints":{"allow":["GET"]}}],"collection":[{"href":"https:\/\/mossdecoration.com\/en\/wp-json\/wp\/v2\/pages"}],"about":[{"href":"https:\/\/mossdecoration.com\/en\/wp-json\/wp\/v2\/types\/page"}],"author":[{"embeddable":true,"href":"https:\/\/mossdecoration.com\/en\/wp-json\/wp\/v2\/users\/1"}],"replies":[{"embeddable":true,"href":"https:\/\/mossdecoration.com\/en\/wp-json\/wp\/v2\/comments?post=191"}],"version-history":[{"count":4,"href":"https:\/\/mossdecoration.com\/en\/wp-json\/wp\/v2\/pages\/191\/revisions"}],"predecessor-version":[{"id":195,"href":"https:\/\/mossdecoration.com\/en\/wp-json\/wp\/v2\/pages\/191\/revisions\/195"}],"wp:attachment":[{"href":"https:\/\/mossdecoration.com\/en\/wp-json\/wp\/v2\/media?parent=191"}],"curies":[{"name":"wp","href":"https:\/\/api.w.org\/{rel}","templated":true}]}}